{"id":19,"date":"2026-02-12T12:29:19","date_gmt":"2026-02-12T11:29:19","guid":{"rendered":"https:\/\/cfh.flytz.de\/?page_id=19"},"modified":"2026-04-02T11:25:24","modified_gmt":"2026-04-02T09:25:24","slug":"impressum","status":"publish","type":"page","link":"https:\/\/cfh.flytz.de\/en\/impressum\/","title":{"rendered":"Impressum"},"content":{"rendered":"<div>\n<div id=\"id-abbc34aeba9d49aba0864d486022662f-1\" class=\"key-maincontent-child key-maincontent-child-1 ev-nop-xx-1 ev-nop-xl-1 ev-nop-lg-1 ev-nop-md-1 ev-nop-sm-1 ev-nop-ms-1 ev-nop-xs-1 col col-xs-48 col-ms-48 col-sm-48 col-md-48 col-lg-48 col-xl-48 col-xx-48\">\n<div id=\"id-e72e71bafe5f49638c868344ee742729\" class=\"uid uid-e72e71bafe5f49638c868344ee742729 key-copy_of_maincontent ev-c ev-cp--htmlstring ev-cp-vlt--v18092 align-center-md align-center-sm align-center-xs\">\n<div class=\"c_htmlstring_htmlstring_view_Layout01 Layout\">\n<div class=\"Color01\">\n<p><strong>Hotel Churf\u00fcrstenhof GmbH &amp; Co. KG<\/strong><br \/>Brunnaderstra\u00dfe 23<br \/>84364 Bad Birnbach<br \/>\u00a0<br \/>Telefon: +49 (0) 85 63 \/ 29 40<br \/>E-Mail: info@churfuerstenhof.de<br \/>Internet:<span>\u00a0<\/span><a href=\"http:\/\/www.churfuerstenhof.de\/\">www.churfuerstenhof.de<\/a><br \/>\u00a0<br \/>Gesellschaftsform: GmbH &amp; Co. KG<br \/>Registergericht: Amtsgericht Landshut<br \/>Registernummer: HRA 12934<br \/>USt-Ident-Nr: DE 129258682<br \/>(gem\u00e4\u00df \u00a7 27a Umsatzsteuergesetz)<\/p>\n<\/div>\n<\/div>\n<\/div>\n<\/div>\n<div class=\"row-clearfix clearfix visible-xs-block visible-ms-block visible-sm-block visible-md-block visible-lg-block visible-xl-block visible-xx-block\"><\/div>\n<div id=\"id-abbc34aeba9d49aba0864d486022662f-2\" class=\"key-maincontent-child key-maincontent-child-2 ev-nop-xx-1 ev-nop-xl-1 ev-nop-lg-1 ev-nop-md-1 ev-nop-sm-1 ev-nop-ms-1 ev-nop-xs-1 col col-xs-48 col-ms-48 col-sm-48 col-md-48 col-lg-48 col-xl-48 col-xx-48\">\n<div id=\"id-b30e9d98099a4a9f95849a54e9932dd5\" class=\"uid uid-b30e9d98099a4a9f95849a54e9932dd5 key-maincontent ev-c ev-cp--htmlstring ev-cp-vlt--v18092 align-center-md align-center-sm align-center-xs\">\n<div class=\"c_htmlstring_htmlstring_view_Layout01 Layout\">\n<div class=\"Color01\">\n<p><strong>Sitz der Gesellschaft:<span>\u00a0<\/span><\/strong>Bad Birnbach<\/p>\n<p><strong>Pers\u00f6nlich haftender Gesellschafter:<\/strong><br \/>Hotel Churf\u00fcrstenhof Verwaltungs GmbH<br \/>Gesch\u00e4ftsf\u00fchrerin: Michaela Baumgartner<br \/>Amtsgericht Landshut HRB 14940<br \/>(Inhaltlich verantwortlich gem\u00e4\u00df \u00a7 5 DDG)<\/p>\n<\/div>\n<\/div>\n<\/div>\n<\/div>\n<div class=\"row-clearfix clearfix visible-xs-block visible-ms-block visible-sm-block visible-md-block visible-lg-block visible-xl-block visible-xx-block\"><\/div>\n<div id=\"id-abbc34aeba9d49aba0864d486022662f-3\" class=\"key-maincontent-child key-maincontent-child-3 col col-xs-48 col-ms-48 col-sm-48 col-md-48 col-lg-48 col-xl-48 col-xx-48\">\n<div id=\"id-942b72c69bb745c0a566063a7b7aedd3\" class=\"uid uid-942b72c69bb745c0a566063a7b7aedd3 key-copy2_of_impressum ev-c ev-cp--cdimprint\">\n<div class=\"c_imprint_imprint_view_Layout01 Layout\">\n<div class=\"Color01\">\n<div class=\"row\">\n<div class=\"col col-xs-48 col-ms-48 col-sm-48 col-md-48 col-lg-48 col-xl-48 col-xx-48\">\n<div class=\"online-dispute-resolution\">\n<p><strong>Plattform der EU-Kommission zur Online-Streitbeilegung:<\/strong><span>\u00a0<\/span><a href=\"https:\/\/ec.europa.eu\/consumers\/odr\/main\/?event=main.home2.show&amp;lng=DE\" title=\"Online-Streitbeteiligung\" target=\"_blank\" rel=\"noopener\">https:\/\/ec.europa.eu\/consumers\/odr<\/a><br \/>Das Unternehmen nimmt nicht an Streitbeilegungsverfahren vor einer Verbraucherschlichtungsstelle teil.<br \/>Universalschlichtungsstelle des Bundes Zentrum f\u00fcr Schlichtung e.V., Stra\u00dfburger Stra\u00dfe 8, 77694 Kehl am Rhein<br \/>Telefon:\u00a0+49\u00a0(0)\u00a07851\u00a07957940, Fax:\u00a0+49\u00a0(0)\u00a07851\u00a07957941,<span>\u00a0<\/span><a href=\"mailto:mail@universalschlichtungsstelle.de\">mail@universalschlichtungsstelle.de<\/a>,<span>\u00a0<\/span><a href=\"https:\/\/www.universalschlichtungsstelle.de\/\" target=\"_blank\" rel=\"noopener\">www.universalschlichtungsstelle.de<\/a><\/p>\n<\/div>\n<\/div>\n<\/div>\n<\/div>\n<\/div>\n<\/div>\n<\/div>\n<\/div>\n<p><!--more--><br \/>\n<!-- {\"type\":\"layout\",\"children\":[{\"type\":\"section\",\"props\":{\"image_position\":\"center-center\",\"style\":\"default\",\"title_breakpoint\":\"xl\",\"title_position\":\"top-left\",\"title_rotation\":\"left\",\"vertical_align\":\"middle\",\"width\":\"default\"},\"children\":[{\"type\":\"row\",\"children\":[{\"type\":\"column\",\"props\":{\"image_position\":\"center-center\",\"position_sticky_breakpoint\":\"m\"},\"children\":[{\"type\":\"text\",\"props\":{\"column_breakpoint\":\"m\",\"content\":\"\n\n<div id=\\\"id-abbc34aeba9d49aba0864d486022662f-1\\\" class=\\\"key-maincontent-child key-maincontent-child-1 ev-nop-xx-1 ev-nop-xl-1 ev-nop-lg-1 ev-nop-md-1 ev-nop-sm-1 ev-nop-ms-1 ev-nop-xs-1 col col-xs-48 col-ms-48 col-sm-48 col-md-48 col-lg-48 col-xl-48 col-xx-48\\\">\\n\n\n<div id=\\\"id-e72e71bafe5f49638c868344ee742729\\\" class=\\\"uid uid-e72e71bafe5f49638c868344ee742729 key-copy_of_maincontent ev-c ev-cp--htmlstring ev-cp-vlt--v18092 align-center-md align-center-sm align-center-xs\\\">\\n\n\n<div class=\\\"c_htmlstring_htmlstring_view_Layout01 Layout\\\">\\n\n\n<div class=\\\"Color01\\\">\\n\n\n<p><strong>Hotel Churf\u00fcrstenhof GmbH &amp; Co. KG<\/strong><br \/>Brunnaderstra\u00dfe 23<br \/>84364 Bad Birnbach<br \/>\u00a0<br \/>Telefon: +49 (0) 85 63 \/ 29 40<br \/>E-Mail: info@churfuerstenhof.de<br \/>Internet:<span>\u00a0<\/span><a href=\\\"http:\/\/www.churfuerstenhof.de\/\\\">www.churfuerstenhof.de<\/a><br \/>\u00a0<br \/>Gesellschaftsform: GmbH &amp; Co. KG<br \/>Registergericht: Amtsgericht Landshut<br \/>Registernummer: HRA 12934<br \/>USt-Ident-Nr: DE 129258682<br \/>(gem\u00e4\u00df \u00a7 27a Umsatzsteuergesetz)<\/p>\n\n\\n<\/div>\n\n\\n<\/div>\n\n\\n<\/div>\n\n\\n<\/div>\n\n\\n\n\n<div class=\\\"row-clearfix clearfix visible-xs-block visible-ms-block visible-sm-block visible-md-block visible-lg-block visible-xl-block visible-xx-block\\\"><\/div>\n\n\\n\n\n<div id=\\\"id-abbc34aeba9d49aba0864d486022662f-2\\\" class=\\\"key-maincontent-child key-maincontent-child-2 ev-nop-xx-1 ev-nop-xl-1 ev-nop-lg-1 ev-nop-md-1 ev-nop-sm-1 ev-nop-ms-1 ev-nop-xs-1 col col-xs-48 col-ms-48 col-sm-48 col-md-48 col-lg-48 col-xl-48 col-xx-48\\\">\\n\n\n<div id=\\\"id-b30e9d98099a4a9f95849a54e9932dd5\\\" class=\\\"uid uid-b30e9d98099a4a9f95849a54e9932dd5 key-maincontent ev-c ev-cp--htmlstring ev-cp-vlt--v18092 align-center-md align-center-sm align-center-xs\\\">\\n\n\n<div class=\\\"c_htmlstring_htmlstring_view_Layout01 Layout\\\">\\n\n\n<div class=\\\"Color01\\\">\\n\n\n<p><strong>Sitz der Gesellschaft:<span>\u00a0<\/span><\/strong>Bad Birnbach<\/p>\n\n\\n\n\n<p><strong>Pers\u00f6nlich haftender Gesellschafter:<\/strong><br \/>Hotel Churf\u00fcrstenhof Verwaltungs GmbH<br \/>Gesch\u00e4ftsf\u00fchrerin: Michaela Baumgartner<br \/>Amtsgericht Landshut HRB 14940<br \/>(Inhaltlich verantwortlich gem\u00e4\u00df \u00a7 5 DDG)<\/p>\n\n\\n<\/div>\n\n\\n<\/div>\n\n\\n<\/div>\n\n\\n<\/div>\n\n\\n\n\n<div class=\\\"row-clearfix clearfix visible-xs-block visible-ms-block visible-sm-block visible-md-block visible-lg-block visible-xl-block visible-xx-block\\\"><\/div>\n\n\\n\n\n<div id=\\\"id-abbc34aeba9d49aba0864d486022662f-3\\\" class=\\\"key-maincontent-child key-maincontent-child-3 col col-xs-48 col-ms-48 col-sm-48 col-md-48 col-lg-48 col-xl-48 col-xx-48\\\">\\n\n\n<div id=\\\"id-942b72c69bb745c0a566063a7b7aedd3\\\" class=\\\"uid uid-942b72c69bb745c0a566063a7b7aedd3 key-copy2_of_impressum ev-c ev-cp--cdimprint\\\">\\n\n\n<div class=\\\"c_imprint_imprint_view_Layout01 Layout\\\">\\n\n\n<div class=\\\"Color01\\\">\\n\n\n<div class=\\\"row\\\">\\n\n\n<div class=\\\"col col-xs-48 col-ms-48 col-sm-48 col-md-48 col-lg-48 col-xl-48 col-xx-48\\\">\\n\n\n<div class=\\\"online-dispute-resolution\\\">\\n\n\n<p><strong>Plattform der EU-Kommission zur Online-Streitbeilegung:<\/strong><span>\u00a0<\/span><a href=\\\"https:\/\/ec.europa.eu\/consumers\/odr\/main\/?event=main.home2.show&amp;lng=DE\\\" title=\\\"Online-Streitbeteiligung\\\" target=\\\"_blank\\\" rel=\\\"noopener\\\">https:\/\/ec.europa.eu\/consumers\/odr<\/a><br \/>Das Unternehmen nimmt nicht an Streitbeilegungsverfahren vor einer Verbraucherschlichtungsstelle teil.<br \/>Universalschlichtungsstelle des Bundes Zentrum f\u00fcr Schlichtung e.V., Stra\u00dfburger Stra\u00dfe 8, 77694 Kehl am Rhein<br \/>Telefon:\u00a0+49\u00a0(0)\u00a07851\u00a07957940, Fax:\u00a0+49\u00a0(0)\u00a07851\u00a07957941,<span>\u00a0<\/span><a href=\\\"mailto:mail@universalschlichtungsstelle.de\\\">mail@universalschlichtungsstelle.de<\/a>,<span>\u00a0<\/span><a href=\\\"https:\/\/www.universalschlichtungsstelle.de\/\\\" target=\\\"_blank\\\" rel=\\\"noopener\\\">www.universalschlichtungsstelle.de<\/a><\/p>\n\n\\n<\/div>\n\n\\n<\/div>\n\n\\n<\/div>\n\n\\n<\/div>\n\n\\n<\/div>\n\n\\n<\/div>\n\n\\n<\/div>\n\n\",\"margin_bottom\":\"default\",\"margin_top\":\"default\"}}]}]}]}],\"version\":\"5.0.25\"} --><\/p>\n","protected":false},"excerpt":{"rendered":"<p>Hotel Churf\u00fcrstenhof GmbH &amp; Co. KGBrunnaderstra\u00dfe 2384364 Bad Birnbach\u00a0Telefon: +49 (0) 85 63 \/ 29 40E-Mail: info@churfuerstenhof.deInternet:\u00a0www.churfuerstenhof.de\u00a0Gesellschaftsform: GmbH &amp; Co. KGRegistergericht: Amtsgericht LandshutRegisternummer: HRA 12934USt-Ident-Nr: DE 129258682(gem\u00e4\u00df \u00a7 27a Umsatzsteuergesetz) Sitz der Gesellschaft:\u00a0Bad Birnbach Pers\u00f6nlich haftender Gesellschafter:Hotel Churf\u00fcrstenhof Verwaltungs GmbHGesch\u00e4ftsf\u00fchrerin: Michaela BaumgartnerAmtsgericht Landshut HRB 14940(Inhaltlich verantwortlich gem\u00e4\u00df \u00a7 5 DDG) Plattform der EU-Kommission zur Online-Streitbeilegung:\u00a0https:\/\/ec.europa.eu\/consumers\/odrDas [&hellip;]<\/p>\n","protected":false},"author":1,"featured_media":0,"parent":0,"menu_order":0,"comment_status":"closed","ping_status":"closed","template":"","meta":{"footnotes":""},"class_list":["post-19","page","type-page","status-publish","hentry"],"_links":{"self":[{"href":"https:\/\/cfh.flytz.de\/en\/wp-json\/wp\/v2\/pages\/19","targetHints":{"allow":["GET"]}}],"collection":[{"href":"https:\/\/cfh.flytz.de\/en\/wp-json\/wp\/v2\/pages"}],"about":[{"href":"https:\/\/cfh.flytz.de\/en\/wp-json\/wp\/v2\/types\/page"}],"author":[{"embeddable":true,"href":"https:\/\/cfh.flytz.de\/en\/wp-json\/wp\/v2\/users\/1"}],"replies":[{"embeddable":true,"href":"https:\/\/cfh.flytz.de\/en\/wp-json\/wp\/v2\/comments?post=19"}],"version-history":[{"count":2,"href":"https:\/\/cfh.flytz.de\/en\/wp-json\/wp\/v2\/pages\/19\/revisions"}],"predecessor-version":[{"id":2151,"href":"https:\/\/cfh.flytz.de\/en\/wp-json\/wp\/v2\/pages\/19\/revisions\/2151"}],"wp:attachment":[{"href":"https:\/\/cfh.flytz.de\/en\/wp-json\/wp\/v2\/media?parent=19"}],"curies":[{"name":"wp","href":"https:\/\/api.w.org\/{rel}","templated":true}]}}